{"id":23828,"date":"2025-12-17T15:06:08","date_gmt":"2025-12-17T15:06:08","guid":{"rendered":"https:\/\/andresilveirabricolage.com\/loja\/sofa-chaise-longue-java\/"},"modified":"2026-02-12T15:46:29","modified_gmt":"2026-02-12T15:46:29","slug":"sofa-chaise-longue-java","status":"publish","type":"product","link":"https:\/\/andresilveirabricolage.com\/en\/shop\/sofa-chaise-longue-java\/","title":{"rendered":"SOFA CHAISE LONGUE JAVA"},"content":{"rendered":"<p><span data-sheets-value=\"{&quot;1&quot;:2,&quot;2&quot;:&quot;Chaise long (220x150cm) CORES: &quot;}\" data-sheets-userformat=\"{&quot;2&quot;:513,&quot;3&quot;:{&quot;1&quot;:0},&quot;12&quot;:0}\"><strong>Cont\u00e9m:\u00a0<\/strong>chaise longue amov\u00edvel, assentos extens\u00edveis, costas reclin\u00e1veis e 4 Puffs.<br \/>\n<strong>Medidas:<\/strong>\u00a0240x170cm<br \/>\n<strong>Espuma:\u00a0<\/strong>28RCC<br \/>\n<\/span><strong>Profundidade do assento:\u00a0<\/strong>cerca de 60cm\u2019s<br \/>\n<strong>Largura do assento:\u00a0<\/strong>cerca de 60cm\u2019s<br \/>\n<strong>Extens\u00edvel do assento:\u00a0<\/strong>acresce cerca de 30cm\u2019s<br \/>\n<strong>Espessura do assento:\u00a0<\/strong>cerca de 10cm\u2019s<br \/>\n<strong>Largura do bra\u00e7o:\u00a0<\/strong>cerca de 20cm\u2019s<br \/>\n<strong>Material dos p\u00e9s:\u00a0<\/strong>pl\u00e1stico<br \/>\n<strong>Cores:\u00a0<\/strong>bege e cinza.<\/p>\n","protected":false},"excerpt":{"rendered":"<p>CHAISE LONGUE JAVA (chaise longue amov\u00edvel, assentos extens\u00edveis, costas reclin\u00e1veis e 4 Puffs.<br \/>\nMedidas: 240x170cm)<\/p>\n","protected":false},"featured_media":24208,"template":"","meta":{"_acf_changed":false},"product_brand":[],"product_cat":[70,93],"product_tag":[],"class_list":{"0":"post-23828","1":"product","2":"type-product","3":"status-publish","4":"has-post-thumbnail","6":"product_cat-quarto","7":"product_cat-sofas","9":"first","10":"onbackorder","11":"taxable","12":"shipping-taxable","13":"product-type-simple"},"acf":[],"yoast_head":"<!-- This site is optimized with the Yoast SEO plugin v26.0 - https:\/\/yoast.com\/wordpress\/plugins\/seo\/ -->\n<title>SOFA CHAISE LONGUE JAVA - Andr\u00e9 Silveira Bricolage<\/title>\n<meta name=\"robots\" content=\"index, follow, max-snippet:-1, max-image-preview:large, max-video-preview:-1\" \/>\n<link rel=\"canonical\" href=\"https:\/\/andresilveirabricolage.com\/en\/shop\/sofa-chaise-longue-java\/\" \/>\n<meta property=\"og:locale\" content=\"en_US\" \/>\n<meta property=\"og:type\" content=\"article\" \/>\n<meta property=\"og:title\" content=\"SOFA CHAISE LONGUE JAVA - Andr\u00e9 Silveira Bricolage\" \/>\n<meta property=\"og:description\" content=\"CHAISE LONGUE JAVA (chaise longue amov\u00edvel, assentos extens\u00edveis, costas reclin\u00e1veis e 4 Puffs. Medidas: 240x170cm)\" \/>\n<meta property=\"og:url\" content=\"https:\/\/andresilveirabricolage.com\/en\/shop\/sofa-chaise-longue-java\/\" \/>\n<meta property=\"og:site_name\" content=\"Andr\u00e9 Silveira Bricolage\" \/>\n<meta property=\"article:modified_time\" content=\"2026-02-12T15:46:29+00:00\" \/>\n<meta property=\"og:image\" content=\"https:\/\/andresilveirabricolage.com\/wp-content\/uploads\/2025\/12\/ChaiseLongueJava-Bali.png\" \/>\n\t<meta property=\"og:image:width\" content=\"1080\" \/>\n\t<meta property=\"og:image:height\" content=\"1080\" \/>\n\t<meta property=\"og:image:type\" content=\"image\/png\" \/>\n<meta name=\"twitter:card\" content=\"summary_large_image\" \/>\n<meta name=\"twitter:label1\" content=\"Est. reading time\" \/>\n\t<meta name=\"twitter:data1\" content=\"1 minute\" \/>\n<script type=\"application\/ld+json\" class=\"yoast-schema-graph\">{\"@context\":\"https:\/\/schema.org\",\"@graph\":[{\"@type\":\"WebPage\",\"@id\":\"https:\/\/andresilveirabricolage.com\/en\/shop\/sofa-chaise-longue-java\/\",\"url\":\"https:\/\/andresilveirabricolage.com\/en\/shop\/sofa-chaise-longue-java\/\",\"name\":\"SOFA CHAISE LONGUE JAVA - Andr\u00e9 Silveira Bricolage\",\"isPartOf\":{\"@id\":\"https:\/\/andresilveirabricolage.com\/en\/#website\"},\"primaryImageOfPage\":{\"@id\":\"https:\/\/andresilveirabricolage.com\/en\/shop\/sofa-chaise-longue-java\/#primaryimage\"},\"image\":{\"@id\":\"https:\/\/andresilveirabricolage.com\/en\/shop\/sofa-chaise-longue-java\/#primaryimage\"},\"thumbnailUrl\":\"https:\/\/andresilveirabricolage.com\/wp-content\/uploads\/2025\/12\/ChaiseLongueJava-Bali.png\",\"datePublished\":\"2025-12-17T15:06:08+00:00\",\"dateModified\":\"2026-02-12T15:46:29+00:00\",\"breadcrumb\":{\"@id\":\"https:\/\/andresilveirabricolage.com\/en\/shop\/sofa-chaise-longue-java\/#breadcrumb\"},\"inLanguage\":\"en-US\",\"potentialAction\":[{\"@type\":\"ReadAction\",\"target\":[\"https:\/\/andresilveirabricolage.com\/en\/shop\/sofa-chaise-longue-java\/\"]}]},{\"@type\":\"ImageObject\",\"inLanguage\":\"en-US\",\"@id\":\"https:\/\/andresilveirabricolage.com\/en\/shop\/sofa-chaise-longue-java\/#primaryimage\",\"url\":\"https:\/\/andresilveirabricolage.com\/wp-content\/uploads\/2025\/12\/ChaiseLongueJava-Bali.png\",\"contentUrl\":\"https:\/\/andresilveirabricolage.com\/wp-content\/uploads\/2025\/12\/ChaiseLongueJava-Bali.png\",\"width\":1080,\"height\":1080},{\"@type\":\"BreadcrumbList\",\"@id\":\"https:\/\/andresilveirabricolage.com\/en\/shop\/sofa-chaise-longue-java\/#breadcrumb\",\"itemListElement\":[{\"@type\":\"ListItem\",\"position\":1,\"name\":\"Home\",\"item\":\"https:\/\/andresilveirabricolage.com\/en\/\"},{\"@type\":\"ListItem\",\"position\":2,\"name\":\"Shop\",\"item\":\"https:\/\/andresilveirabricolage.com\/en\/shop\/\"},{\"@type\":\"ListItem\",\"position\":3,\"name\":\"SOFA CHAISE LONGUE JAVA\"}]},{\"@type\":\"WebSite\",\"@id\":\"https:\/\/andresilveirabricolage.com\/en\/#website\",\"url\":\"https:\/\/andresilveirabricolage.com\/en\/\",\"name\":\"Andr\u00e9 Silveira Bricolage\",\"description\":\"\",\"potentialAction\":[{\"@type\":\"SearchAction\",\"target\":{\"@type\":\"EntryPoint\",\"urlTemplate\":\"https:\/\/andresilveirabricolage.com\/en\/?s={search_term_string}\"},\"query-input\":{\"@type\":\"PropertyValueSpecification\",\"valueRequired\":true,\"valueName\":\"search_term_string\"}}],\"inLanguage\":\"en-US\"}]}<\/script>\n<!-- \/ Yoast SEO plugin. -->","yoast_head_json":{"title":"SOFA CHAISE LONGUE JAVA - Andr\u00e9 Silveira Bricolage","robots":{"index":"index","follow":"follow","max-snippet":"max-snippet:-1","max-image-preview":"max-image-preview:large","max-video-preview":"max-video-preview:-1"},"canonical":"https:\/\/andresilveirabricolage.com\/en\/shop\/sofa-chaise-longue-java\/","og_locale":"en_US","og_type":"article","og_title":"SOFA CHAISE LONGUE JAVA - Andr\u00e9 Silveira Bricolage","og_description":"CHAISE LONGUE JAVA (chaise longue amov\u00edvel, assentos extens\u00edveis, costas reclin\u00e1veis e 4 Puffs. Medidas: 240x170cm)","og_url":"https:\/\/andresilveirabricolage.com\/en\/shop\/sofa-chaise-longue-java\/","og_site_name":"Andr\u00e9 Silveira Bricolage","article_modified_time":"2026-02-12T15:46:29+00:00","og_image":[{"width":1080,"height":1080,"url":"https:\/\/andresilveirabricolage.com\/wp-content\/uploads\/2025\/12\/ChaiseLongueJava-Bali.png","type":"image\/png"}],"twitter_card":"summary_large_image","twitter_misc":{"Est. reading time":"1 minute"},"schema":{"@context":"https:\/\/schema.org","@graph":[{"@type":"WebPage","@id":"https:\/\/andresilveirabricolage.com\/en\/shop\/sofa-chaise-longue-java\/","url":"https:\/\/andresilveirabricolage.com\/en\/shop\/sofa-chaise-longue-java\/","name":"SOFA CHAISE LONGUE JAVA - Andr\u00e9 Silveira Bricolage","isPartOf":{"@id":"https:\/\/andresilveirabricolage.com\/en\/#website"},"primaryImageOfPage":{"@id":"https:\/\/andresilveirabricolage.com\/en\/shop\/sofa-chaise-longue-java\/#primaryimage"},"image":{"@id":"https:\/\/andresilveirabricolage.com\/en\/shop\/sofa-chaise-longue-java\/#primaryimage"},"thumbnailUrl":"https:\/\/andresilveirabricolage.com\/wp-content\/uploads\/2025\/12\/ChaiseLongueJava-Bali.png","datePublished":"2025-12-17T15:06:08+00:00","dateModified":"2026-02-12T15:46:29+00:00","breadcrumb":{"@id":"https:\/\/andresilveirabricolage.com\/en\/shop\/sofa-chaise-longue-java\/#breadcrumb"},"inLanguage":"en-US","potentialAction":[{"@type":"ReadAction","target":["https:\/\/andresilveirabricolage.com\/en\/shop\/sofa-chaise-longue-java\/"]}]},{"@type":"ImageObject","inLanguage":"en-US","@id":"https:\/\/andresilveirabricolage.com\/en\/shop\/sofa-chaise-longue-java\/#primaryimage","url":"https:\/\/andresilveirabricolage.com\/wp-content\/uploads\/2025\/12\/ChaiseLongueJava-Bali.png","contentUrl":"https:\/\/andresilveirabricolage.com\/wp-content\/uploads\/2025\/12\/ChaiseLongueJava-Bali.png","width":1080,"height":1080},{"@type":"BreadcrumbList","@id":"https:\/\/andresilveirabricolage.com\/en\/shop\/sofa-chaise-longue-java\/#breadcrumb","itemListElement":[{"@type":"ListItem","position":1,"name":"Home","item":"https:\/\/andresilveirabricolage.com\/en\/"},{"@type":"ListItem","position":2,"name":"Shop","item":"https:\/\/andresilveirabricolage.com\/en\/shop\/"},{"@type":"ListItem","position":3,"name":"SOFA CHAISE LONGUE JAVA"}]},{"@type":"WebSite","@id":"https:\/\/andresilveirabricolage.com\/en\/#website","url":"https:\/\/andresilveirabricolage.com\/en\/","name":"Andr\u00e9 Silveira Bricolage","description":"","potentialAction":[{"@type":"SearchAction","target":{"@type":"EntryPoint","urlTemplate":"https:\/\/andresilveirabricolage.com\/en\/?s={search_term_string}"},"query-input":{"@type":"PropertyValueSpecification","valueRequired":true,"valueName":"search_term_string"}}],"inLanguage":"en-US"}]}},"_links":{"self":[{"href":"https:\/\/andresilveirabricolage.com\/en\/wp-json\/wp\/v2\/product\/23828","targetHints":{"allow":["GET"]}}],"collection":[{"href":"https:\/\/andresilveirabricolage.com\/en\/wp-json\/wp\/v2\/product"}],"about":[{"href":"https:\/\/andresilveirabricolage.com\/en\/wp-json\/wp\/v2\/types\/product"}],"wp:featuredmedia":[{"embeddable":true,"href":"https:\/\/andresilveirabricolage.com\/en\/wp-json\/wp\/v2\/media\/24208"}],"wp:attachment":[{"href":"https:\/\/andresilveirabricolage.com\/en\/wp-json\/wp\/v2\/media?parent=23828"}],"wp:term":[{"taxonomy":"product_brand","embeddable":true,"href":"https:\/\/andresilveirabricolage.com\/en\/wp-json\/wp\/v2\/product_brand?post=23828"},{"taxonomy":"product_cat","embeddable":true,"href":"https:\/\/andresilveirabricolage.com\/en\/wp-json\/wp\/v2\/product_cat?post=23828"},{"taxonomy":"product_tag","embeddable":true,"href":"https:\/\/andresilveirabricolage.com\/en\/wp-json\/wp\/v2\/product_tag?post=23828"}],"curies":[{"name":"wp","href":"https:\/\/api.w.org\/{rel}","templated":true}]}}