{"id":24647,"date":"2026-01-13T13:12:37","date_gmt":"2026-01-13T13:12:37","guid":{"rendered":"https:\/\/andresilveirabricolage.com\/loja\/lavatorio-braga\/"},"modified":"2026-02-12T15:46:37","modified_gmt":"2026-02-12T15:46:37","slug":"lavatorio-braga","status":"publish","type":"product","link":"https:\/\/andresilveirabricolage.com\/en\/shop\/lavatorio-braga\/","title":{"rendered":"LAVATORIO BRAGA"},"content":{"rendered":"<p>600 x 810 x 360 mm; 1 porta; 2 gavetas; branco; Conjunto m\u00f3vel Braga com 1 prateleira, p\u00e9s e lavat\u00f3rio cer\u00e2mico.<\/p>\n<p>800 x 810 x 450 mm; 2 portas; 2 gavetas; branco; Conjunto m\u00f3vel Braga com 1 prateleira, p\u00e9s e lavat\u00f3rio cer\u00e2mico.<\/p>\n<p>1000 x 810 x 450 mm; 2 portas; 2 gavetas; branco; Conjunto m\u00f3vel Braga com 1 prateleira, p\u00e9s e lavat\u00f3rio cer\u00e2mico.<\/p>\n","protected":false},"excerpt":{"rendered":"<p>Conjunto lavat\u00f3rio Braga 60 branco (m\u00f3vel + lavat\u00f3rio)<\/p>\n","protected":false},"featured_media":24733,"template":"","meta":{"_acf_changed":false},"product_brand":[],"product_cat":[149,57],"product_tag":[],"class_list":{"0":"post-24647","1":"product","2":"type-product","3":"status-publish","4":"has-post-thumbnail","6":"product_cat-lavatorios","7":"product_cat-wc","9":"first","10":"outofstock","11":"taxable","12":"shipping-taxable","13":"purchasable","14":"product-type-variable"},"acf":[],"yoast_head":"<!-- This site is optimized with the Yoast SEO plugin v26.0 - https:\/\/yoast.com\/wordpress\/plugins\/seo\/ -->\n<title>LAVATORIO BRAGA - Andr\u00e9 Silveira Bricolage<\/title>\n<meta name=\"robots\" content=\"index, follow, max-snippet:-1, max-image-preview:large, max-video-preview:-1\" \/>\n<link rel=\"canonical\" href=\"https:\/\/andresilveirabricolage.com\/en\/shop\/lavatorio-braga\/\" \/>\n<meta property=\"og:locale\" content=\"en_US\" \/>\n<meta property=\"og:type\" content=\"article\" \/>\n<meta property=\"og:title\" content=\"LAVATORIO BRAGA - Andr\u00e9 Silveira Bricolage\" \/>\n<meta property=\"og:description\" content=\"Conjunto lavat\u00f3rio Braga 60 branco (m\u00f3vel + lavat\u00f3rio)\" \/>\n<meta property=\"og:url\" content=\"https:\/\/andresilveirabricolage.com\/en\/shop\/lavatorio-braga\/\" \/>\n<meta property=\"og:site_name\" content=\"Andr\u00e9 Silveira Bricolage\" \/>\n<meta property=\"article:modified_time\" content=\"2026-02-12T15:46:37+00:00\" \/>\n<meta property=\"og:image\" content=\"https:\/\/andresilveirabricolage.com\/wp-content\/uploads\/2026\/01\/026084.jpg\" \/>\n\t<meta property=\"og:image:width\" content=\"505\" \/>\n\t<meta property=\"og:image:height\" content=\"505\" \/>\n\t<meta property=\"og:image:type\" content=\"image\/jpeg\" \/>\n<meta name=\"twitter:card\" content=\"summary_large_image\" \/>\n<meta name=\"twitter:label1\" content=\"Est. reading time\" \/>\n\t<meta name=\"twitter:data1\" content=\"1 minute\" \/>\n<script type=\"application\/ld+json\" class=\"yoast-schema-graph\">{\"@context\":\"https:\/\/schema.org\",\"@graph\":[{\"@type\":\"WebPage\",\"@id\":\"https:\/\/andresilveirabricolage.com\/en\/shop\/lavatorio-braga\/\",\"url\":\"https:\/\/andresilveirabricolage.com\/en\/shop\/lavatorio-braga\/\",\"name\":\"LAVATORIO BRAGA - Andr\u00e9 Silveira Bricolage\",\"isPartOf\":{\"@id\":\"https:\/\/andresilveirabricolage.com\/en\/#website\"},\"primaryImageOfPage\":{\"@id\":\"https:\/\/andresilveirabricolage.com\/en\/shop\/lavatorio-braga\/#primaryimage\"},\"image\":{\"@id\":\"https:\/\/andresilveirabricolage.com\/en\/shop\/lavatorio-braga\/#primaryimage\"},\"thumbnailUrl\":\"https:\/\/andresilveirabricolage.com\/wp-content\/uploads\/2026\/01\/026084.jpg\",\"datePublished\":\"2026-01-13T13:12:37+00:00\",\"dateModified\":\"2026-02-12T15:46:37+00:00\",\"breadcrumb\":{\"@id\":\"https:\/\/andresilveirabricolage.com\/en\/shop\/lavatorio-braga\/#breadcrumb\"},\"inLanguage\":\"en-US\",\"potentialAction\":[{\"@type\":\"ReadAction\",\"target\":[\"https:\/\/andresilveirabricolage.com\/en\/shop\/lavatorio-braga\/\"]}]},{\"@type\":\"ImageObject\",\"inLanguage\":\"en-US\",\"@id\":\"https:\/\/andresilveirabricolage.com\/en\/shop\/lavatorio-braga\/#primaryimage\",\"url\":\"https:\/\/andresilveirabricolage.com\/wp-content\/uploads\/2026\/01\/026084.jpg\",\"contentUrl\":\"https:\/\/andresilveirabricolage.com\/wp-content\/uploads\/2026\/01\/026084.jpg\",\"width\":505,\"height\":505},{\"@type\":\"BreadcrumbList\",\"@id\":\"https:\/\/andresilveirabricolage.com\/en\/shop\/lavatorio-braga\/#breadcrumb\",\"itemListElement\":[{\"@type\":\"ListItem\",\"position\":1,\"name\":\"Home\",\"item\":\"https:\/\/andresilveirabricolage.com\/en\/\"},{\"@type\":\"ListItem\",\"position\":2,\"name\":\"Shop\",\"item\":\"https:\/\/andresilveirabricolage.com\/en\/shop\/\"},{\"@type\":\"ListItem\",\"position\":3,\"name\":\"LAVATORIO BRAGA\"}]},{\"@type\":\"WebSite\",\"@id\":\"https:\/\/andresilveirabricolage.com\/en\/#website\",\"url\":\"https:\/\/andresilveirabricolage.com\/en\/\",\"name\":\"Andr\u00e9 Silveira Bricolage\",\"description\":\"\",\"potentialAction\":[{\"@type\":\"SearchAction\",\"target\":{\"@type\":\"EntryPoint\",\"urlTemplate\":\"https:\/\/andresilveirabricolage.com\/en\/?s={search_term_string}\"},\"query-input\":{\"@type\":\"PropertyValueSpecification\",\"valueRequired\":true,\"valueName\":\"search_term_string\"}}],\"inLanguage\":\"en-US\"}]}<\/script>\n<!-- \/ Yoast SEO plugin. -->","yoast_head_json":{"title":"LAVATORIO BRAGA - Andr\u00e9 Silveira Bricolage","robots":{"index":"index","follow":"follow","max-snippet":"max-snippet:-1","max-image-preview":"max-image-preview:large","max-video-preview":"max-video-preview:-1"},"canonical":"https:\/\/andresilveirabricolage.com\/en\/shop\/lavatorio-braga\/","og_locale":"en_US","og_type":"article","og_title":"LAVATORIO BRAGA - Andr\u00e9 Silveira Bricolage","og_description":"Conjunto lavat\u00f3rio Braga 60 branco (m\u00f3vel + lavat\u00f3rio)","og_url":"https:\/\/andresilveirabricolage.com\/en\/shop\/lavatorio-braga\/","og_site_name":"Andr\u00e9 Silveira Bricolage","article_modified_time":"2026-02-12T15:46:37+00:00","og_image":[{"width":505,"height":505,"url":"https:\/\/andresilveirabricolage.com\/wp-content\/uploads\/2026\/01\/026084.jpg","type":"image\/jpeg"}],"twitter_card":"summary_large_image","twitter_misc":{"Est. reading time":"1 minute"},"schema":{"@context":"https:\/\/schema.org","@graph":[{"@type":"WebPage","@id":"https:\/\/andresilveirabricolage.com\/en\/shop\/lavatorio-braga\/","url":"https:\/\/andresilveirabricolage.com\/en\/shop\/lavatorio-braga\/","name":"LAVATORIO BRAGA - Andr\u00e9 Silveira Bricolage","isPartOf":{"@id":"https:\/\/andresilveirabricolage.com\/en\/#website"},"primaryImageOfPage":{"@id":"https:\/\/andresilveirabricolage.com\/en\/shop\/lavatorio-braga\/#primaryimage"},"image":{"@id":"https:\/\/andresilveirabricolage.com\/en\/shop\/lavatorio-braga\/#primaryimage"},"thumbnailUrl":"https:\/\/andresilveirabricolage.com\/wp-content\/uploads\/2026\/01\/026084.jpg","datePublished":"2026-01-13T13:12:37+00:00","dateModified":"2026-02-12T15:46:37+00:00","breadcrumb":{"@id":"https:\/\/andresilveirabricolage.com\/en\/shop\/lavatorio-braga\/#breadcrumb"},"inLanguage":"en-US","potentialAction":[{"@type":"ReadAction","target":["https:\/\/andresilveirabricolage.com\/en\/shop\/lavatorio-braga\/"]}]},{"@type":"ImageObject","inLanguage":"en-US","@id":"https:\/\/andresilveirabricolage.com\/en\/shop\/lavatorio-braga\/#primaryimage","url":"https:\/\/andresilveirabricolage.com\/wp-content\/uploads\/2026\/01\/026084.jpg","contentUrl":"https:\/\/andresilveirabricolage.com\/wp-content\/uploads\/2026\/01\/026084.jpg","width":505,"height":505},{"@type":"BreadcrumbList","@id":"https:\/\/andresilveirabricolage.com\/en\/shop\/lavatorio-braga\/#breadcrumb","itemListElement":[{"@type":"ListItem","position":1,"name":"Home","item":"https:\/\/andresilveirabricolage.com\/en\/"},{"@type":"ListItem","position":2,"name":"Shop","item":"https:\/\/andresilveirabricolage.com\/en\/shop\/"},{"@type":"ListItem","position":3,"name":"LAVATORIO BRAGA"}]},{"@type":"WebSite","@id":"https:\/\/andresilveirabricolage.com\/en\/#website","url":"https:\/\/andresilveirabricolage.com\/en\/","name":"Andr\u00e9 Silveira Bricolage","description":"","potentialAction":[{"@type":"SearchAction","target":{"@type":"EntryPoint","urlTemplate":"https:\/\/andresilveirabricolage.com\/en\/?s={search_term_string}"},"query-input":{"@type":"PropertyValueSpecification","valueRequired":true,"valueName":"search_term_string"}}],"inLanguage":"en-US"}]}},"_links":{"self":[{"href":"https:\/\/andresilveirabricolage.com\/en\/wp-json\/wp\/v2\/product\/24647","targetHints":{"allow":["GET"]}}],"collection":[{"href":"https:\/\/andresilveirabricolage.com\/en\/wp-json\/wp\/v2\/product"}],"about":[{"href":"https:\/\/andresilveirabricolage.com\/en\/wp-json\/wp\/v2\/types\/product"}],"wp:featuredmedia":[{"embeddable":true,"href":"https:\/\/andresilveirabricolage.com\/en\/wp-json\/wp\/v2\/media\/24733"}],"wp:attachment":[{"href":"https:\/\/andresilveirabricolage.com\/en\/wp-json\/wp\/v2\/media?parent=24647"}],"wp:term":[{"taxonomy":"product_brand","embeddable":true,"href":"https:\/\/andresilveirabricolage.com\/en\/wp-json\/wp\/v2\/product_brand?post=24647"},{"taxonomy":"product_cat","embeddable":true,"href":"https:\/\/andresilveirabricolage.com\/en\/wp-json\/wp\/v2\/product_cat?post=24647"},{"taxonomy":"product_tag","embeddable":true,"href":"https:\/\/andresilveirabricolage.com\/en\/wp-json\/wp\/v2\/product_tag?post=24647"}],"curies":[{"name":"wp","href":"https:\/\/api.w.org\/{rel}","templated":true}]}}